{"id":1368,"date":"2025-06-09T12:03:00","date_gmt":"2025-06-09T12:03:00","guid":{"rendered":"https:\/\/lfgeducation.com\/about\/"},"modified":"2025-09-24T20:27:43","modified_gmt":"2025-09-24T20:27:43","slug":"about","status":"publish","type":"page","link":"https:\/\/lfgeducation.com\/es\/about\/","title":{"rendered":"About"},"content":{"rendered":"<div class=\"wp-block-columns is-layout-flex wp-container-core-columns-is-layout-28f84493 wp-block-columns-is-layout-flex\">\n<div class=\"wp-block-column is-layout-flow wp-block-column-is-layout-flow\" style=\"flex-basis:100%\">\n<div class=\"wp-block-uagb-container uagb-block-318b6e29 alignfull uagb-is-root-container\"><div class=\"uagb-container-inner-blocks-wrap\"><h1 class=\"wp-block-heading has-text-align-center\" id=\"meet-the-founder\">Conoce a la Fundadora<\/h1>\n\n\n\n<div class=\"wp-block-uagb-container uagb-block-285e0c6b\">\n<p class=\"has-text-align-center translation-block\">Hola, soy Laura, consultora multiling\u00fce en educaci\u00f3n superior con m\u00e1s de 7 a\u00f1os de experiencia apoyando a estudiantes internacionales en el Reino Unido. Mi trabajo une asesor\u00eda migratoria, cumplimiento de visados y financiaci\u00f3n global de estudios, con especializaci\u00f3n en:\n\nNormativas UKVI (visado estudiantil del Reino Unido)\n\nPol\u00edticas educativas internacionales\n\nSistema de ayuda federal de EE.UU.<\/p>\n\n\n\n<p class=\"has-text-align-center translation-block\">He trabajado en instituciones reconocidas como Royal Holloway, Oxford Brookes University y Vogue College of Fashion, ayudando a miles de estudiantes a lo largo de su camino educativo internacional, desde la solicitud hasta la graduaci\u00f3n.<\/p>\n<\/div>\n\n\n\n<div class=\"wp-block-group alignfull is-layout-constrained wp-block-group-is-layout-constrained\">\n<div class=\"wp-block-columns alignfull are-vertically-aligned-center is-layout-flex wp-container-core-columns-is-layout-28f84493 wp-block-columns-is-layout-flex\">\n<div class=\"wp-block-column is-vertically-aligned-center is-layout-flow wp-block-column-is-layout-flow\" style=\"flex-basis:100%\">\n<div class=\"wp-block-group alignwide is-content-justification-center is-nowrap is-layout-flex wp-container-core-group-is-layout-23441af8 wp-block-group-is-layout-flex\">\n<div class=\"wp-block-uagb-container uagb-block-b1da8422\">\n<div class=\"wp-block-uagb-container uagb-block-a2aec8ee\">\n<div class=\"wp-block-uagb-container uagb-block-b0aad446\">\n<div class=\"wp-block-columns is-layout-flex wp-container-core-columns-is-layout-28f84493 wp-block-columns-is-layout-flex\">\n<div class=\"wp-block-column is-layout-flow wp-block-column-is-layout-flow\" style=\"flex-basis:25%\"><\/div>\n\n\n\n<div class=\"wp-block-column is-layout-flow wp-block-column-is-layout-flow\" style=\"flex-basis:50%\">\n<figure class=\"wp-block-image alignfull size-large is-style-rounded\"><img loading=\"lazy\" decoding=\"async\" width=\"1024\" height=\"959\" src=\"https:\/\/lfgeducation.com\/wp-content\/uploads\/2025\/09\/IMG-20230512-WA02681-1-1024x959.jpg\" alt=\"\" class=\"wp-image-2220\" srcset=\"https:\/\/lfgeducation.com\/wp-content\/uploads\/2025\/09\/IMG-20230512-WA02681-1-1024x959.jpg 1024w, https:\/\/lfgeducation.com\/wp-content\/uploads\/2025\/09\/IMG-20230512-WA02681-1-300x281.jpg 300w, https:\/\/lfgeducation.com\/wp-content\/uploads\/2025\/09\/IMG-20230512-WA02681-1-768x719.jpg 768w, https:\/\/lfgeducation.com\/wp-content\/uploads\/2025\/09\/IMG-20230512-WA02681-1-1536x1438.jpg 1536w, https:\/\/lfgeducation.com\/wp-content\/uploads\/2025\/09\/IMG-20230512-WA02681-1-2048x1917.jpg 2048w, https:\/\/lfgeducation.com\/wp-content\/uploads\/2025\/09\/IMG-20230512-WA02681-1-13x12.jpg 13w\" sizes=\"auto, (max-width: 1024px) 100vw, 1024px\" \/><\/figure>\n<\/div>\n\n\n\n<div class=\"wp-block-column is-layout-flow wp-block-column-is-layout-flow\" style=\"flex-basis:25%\"><\/div>\n<\/div>\n<\/div>\n<\/div>\n<\/div>\n<\/div>\n<\/div>\n<\/div>\n<\/div>\n\n\n\n<hr class=\"wp-block-separator has-alpha-channel-opacity is-style-wide\"\/>\n\n\n<h3 class=\"wp-block-heading has-text-align-center\" id=\"from-international-student-to-higher-education-adviser\">De Estudiante Internacional a Asesora Educativa<\/h3>\n\n\n\n<p class=\"has-text-align-center translation-block\">Yo misma fui estudiante internacional y obtuve mis t\u00edtulos de MA y MSc en la University of Aberdeen. Conozco de primera mano los retos emocionales y log\u00edsticos de estudiar en el extranjero. Esta experiencia impulsa mi misi\u00f3n:\n\n Simplificar el proceso y empoderar a estudiantes y familias con claridad, confianza y apoyo personalizado.<\/p>\n\n\n\n<hr class=\"wp-block-separator has-alpha-channel-opacity\"\/>\n\n\n<h3 class=\"wp-block-heading has-text-align-center\" id=\"areas-of-specialisation\">\u00c1reas de Especializaci\u00f3n<\/h3>\n\n\n\n<p class=\"has-text-align-center translation-block\">Normativas y cumplimiento UKVI:\nEspecializada en la ruta del visado estudiantil para el Reino Unido.<\/p>\n\n\n\n<p class=\"has-text-align-center\"><strong>U.S. Federal Aid Administration<\/strong> - Gestion\u00e9 fondos de ayuda al estudiante por encima de las 4 millones de libras.<\/p>\n\n\n\n<p class=\"has-text-align-center translation-block\">Coordinaci\u00f3n interdepartamental:\nColaboraci\u00f3n eficaz con equipos de admisiones, asuntos legales y registros acad\u00e9micos.<\/p>\n\n\n\n<p class=\"has-text-align-center translation-block\">Asesoramiento centrado en el estudiante:\nApoyo adaptado a las necesidades de cada estudiante internacional.<\/p>\n\n\n\n<hr class=\"wp-block-separator has-alpha-channel-opacity\"\/>\n\n\n<h3 class=\"wp-block-heading has-text-align-center\" id=\"my-career-in-context\">Mi Trayectoria Profesional<\/h3>\n\n\n\n<p class=\"has-text-align-center translation-block\">Durante m\u00e1s de 7 a\u00f1os trabaj\u00e9 en educaci\u00f3n superior en el Reino Unido, en instituciones como Vogue College of Fashion, Oxford Brookes University y Royal Holloway, apoyando a miles de estudiantes internacionales en temas de visado, becas y procesos de cumplimiento acad\u00e9mico y legal.<\/p>\n\n\n\n<p class=\"has-text-align-center\">He trabajado en estrecha colaboraci\u00f3n con departamentos acad\u00e9micos, legales y de admisiones, asegurando una experiencia educativa fluida y exitosa para cada estudiante.<\/p>\n\n\n\n<p class=\"has-text-align-center\">Ahora aporto esa misma experiencia y dedicaci\u00f3n a <strong>clientes independientes<\/strong>,  ofreciendo un asesoramiento personalizado para ayudar a estudiantes y familias a tomar decisiones seguras e informadas sobre estudiar en el Reino Unido, Espa\u00f1a, Ruman\u00eda o en otros destinos.<\/p>\n\n\n\n<hr class=\"wp-block-separator has-alpha-channel-opacity\"\/>\n\n\n<h3 class=\"wp-block-heading has-text-align-center\" id=\"where-it-all-started-leadership-student-life\">D\u00f3nde Todo Comenz\u00f3: Liderazgo y Vida Estudiantil<\/h3>\n\n\n\n<p class=\"has-text-align-center translation-block\">Mi pasi\u00f3n por la educaci\u00f3n superior empez\u00f3 en la Universidad de Aberdeen, donde lider\u00e9 la Sociedad de Pol\u00edtica y Relaciones Internacionales en cargos como Presidenta, Vicepresidenta y Tesorera.<\/p>\n\n\n\n<p class=\"has-text-align-center\">Coordin\u00e9 viajes acad\u00e9micos a instituciones internacionales como la OSCE, la OTAN, la CPI y la ONU, organic\u00e9 debates y ayud\u00e9 a convertir la sociedad en un modelo de participaci\u00f3n estudiantil, mientras gestionaba presupuestos, eventos y comit\u00e9s con precisi\u00f3n y dedicaci\u00f3n.<\/p>\n\n\n\n<p class=\"has-text-align-center translation-block\">Estas experiencias me ense\u00f1aron el valor del mentorazgo, la ciudadan\u00eda global y el liderazgo inclusivo - valores que aplico en cada interacci\u00f3n con mis clientes.<\/p>\n\n\n\n<hr class=\"wp-block-separator has-alpha-channel-opacity\"\/>\n\n\n<h3 class=\"wp-block-heading has-text-align-center\" id=\"languages-certifications\">Idiomas y Certificaciones<\/h3>\n\n\n\n<p class=\"has-text-align-center\"><strong>Languages:<\/strong> English, Romanian, Spanish (fluent) | French (intermediate) | Catalan (basic)<br><strong>Certifications:<\/strong> British Council Certified Counsellor| Project Management | HR Management <\/p>\n\n\n\n<div class=\"wp-block-columns is-layout-flex wp-container-core-columns-is-layout-28f84493 wp-block-columns-is-layout-flex\">\n<div class=\"wp-block-column is-layout-flow wp-block-column-is-layout-flow\"><\/div>\n\n\n\n<div class=\"wp-block-column is-layout-flow wp-block-column-is-layout-flow\">\n<figure class=\"wp-block-image alignfull size-full\"><img loading=\"lazy\" decoding=\"async\" width=\"400\" height=\"320\" src=\"https:\/\/lfgeducation.com\/wp-content\/uploads\/2025\/07\/British-Council-Agent-and-Counsellor-Hub-British-Council-Certified-Counsellor-2025-07-17.png\" alt=\"\" class=\"wp-image-2179\" srcset=\"https:\/\/lfgeducation.com\/wp-content\/uploads\/2025\/07\/British-Council-Agent-and-Counsellor-Hub-British-Council-Certified-Counsellor-2025-07-17.png 400w, https:\/\/lfgeducation.com\/wp-content\/uploads\/2025\/07\/British-Council-Agent-and-Counsellor-Hub-British-Council-Certified-Counsellor-2025-07-17-300x240.png 300w, https:\/\/lfgeducation.com\/wp-content\/uploads\/2025\/07\/British-Council-Agent-and-Counsellor-Hub-British-Council-Certified-Counsellor-2025-07-17-15x12.png 15w\" sizes=\"auto, (max-width: 400px) 100vw, 400px\" \/><\/figure>\n<\/div>\n\n\n\n<div class=\"wp-block-column is-layout-flow wp-block-column-is-layout-flow\"><\/div>\n<\/div>\n\n\n\n<hr class=\"wp-block-separator has-alpha-channel-opacity\"\/>\n\n\n<h3 class=\"wp-block-heading has-text-align-center\" id=\"why-work-with-me\">\u00bfPor Qu\u00e9 Trabajar Conmigo?<\/h3>\n\n\n\n<p class=\"has-text-align-center\">Ya sea que est\u00e9s solicitando un visado de estudiante para el Reino Unido, explorando opciones de estudio en Espa\u00f1a o Ruman\u00eda, o buscando financiaci\u00f3n como FAFSA, ofrezco:<\/p>\n\n\n\n<p class=\"has-text-align-center\">\u2705 Experiencia real en instituciones educativas<\/p>\n\n\n\n<p class=\"has-text-align-center\">\u2705\ufe0f Asesoramiento personalizado<\/p>\n\n\n\n<p class=\"has-text-align-center\">\u2705\ufe0f Un enfoque multiling\u00fce centrado en el estudiante<\/p>\n\n\n\n<p class=\"has-text-align-center\">\u2705\ufe0f Amplio conocimiento regulatorio y una gran dosis de empat\u00eda<\/p>\n\n\n\n<p class=\"has-text-align-center\">Tanto si aspiras a universidades de primer nivel como a programas espec\u00edficos <a href=\"https:\/\/lfgeducation.com\/es\/partner-institutions\/\" data-type=\"page\" data-id=\"2260\">en instituciones asociadas<\/a>, mi objetivo es que tu solicitud sea lo m\u00e1s s\u00f3lida posible.<\/p>\n\n\n\n<hr class=\"wp-block-separator has-alpha-channel-opacity\"\/>\n\n\n<h3 class=\"wp-block-heading has-text-align-center\" id=\"ready-to-take-the-next-step\">\u00bfPreparados para Dar el Siguiente Paso?<\/h3>\n\n\n\n<p class=\"has-text-align-center translation-block\">Hagamos que tu experiencia de estudio internacional sea fluida, segura y exitosa.<\/p>\n\n\n\n<p class=\"has-text-align-center\">\ud83d\udd8b\ufe0f <a href=\"https:\/\/zcal.co\/i\/P5zQvzdS\" data-type=\"page\" data-id=\"1374\" target=\"_blank\" rel=\"noreferrer noopener\">Reserva una consulta gratuita<\/a><br>\ud83d\udce7 <a href=\"mailto:laura@lfgeducation.com\">Email me directly<\/a><\/p>\n\n\n\n<div id=\"wp-block-themeisle-blocks-advanced-columns-0ca6309e\" class=\"wp-block-themeisle-blocks-advanced-columns has-2-columns has-desktop-oneTwo-layout has-tablet-equal-layout has-mobile-collapsedRows-layout has-vertical-unset\"><div class=\"wp-block-themeisle-blocks-advanced-columns-overlay\"><\/div><div class=\"innerblocks-wrap\">\n<div id=\"wp-block-themeisle-blocks-advanced-column-565fdaea\" class=\"wp-block-themeisle-blocks-advanced-column\"><\/div>\n\n\n\n<div id=\"wp-block-themeisle-blocks-advanced-column-374f1fe7\" class=\"wp-block-themeisle-blocks-advanced-column\"><\/div>\n<\/div><\/div>\n<\/div><\/div>\n<\/div>\n<\/div>\n\n\n\n<div class=\"wp-block-uagb-container uagb-block-af36a3f8 alignfull uagb-is-root-container\"><div class=\"uagb-container-inner-blocks-wrap\"><\/div><\/div>","protected":false},"excerpt":{"rendered":"<p>Meet the Founder Hi, I\u2019m Laura, a multilingual higher education consultant with over 7 years of experience supporting international students in the UK. My work bridges immigration advising, visa compliance, and global education funding &#8211; with in-depth expertise in UKVI regulations, education policies and procedures, and U.S. Federal Aid systems. I\u2019ve worked at leading institutions [&hellip;]<\/p>","protected":false},"author":1,"featured_media":0,"parent":0,"menu_order":0,"comment_status":"closed","ping_status":"closed","template":"","meta":{"_uag_custom_page_level_css":"","site-sidebar-layout":"no-sidebar","site-content-layout":"plain-container","ast-site-content-layout":"normal-width-container","site-content-style":"unboxed","site-sidebar-style":"unboxed","ast-global-header-display":"","ast-banner-title-visibility":"","ast-main-header-display":"","ast-hfb-above-header-display":"","ast-hfb-below-header-display":"","ast-hfb-mobile-header-display":"","site-post-title":"disabled","ast-breadcrumbs-content":"","ast-featured-img":"disabled","footer-sml-layout":"","ast-disable-related-posts":"","theme-transparent-header-meta":"default","adv-header-id-meta":"","stick-header-meta":"","header-above-stick-meta":"","header-main-stick-meta":"","header-below-stick-meta":"","astra-migrate-meta-layouts":"set","ast-page-background-enabled":"default","ast-page-background-meta":{"desktop":{"background-color":"","background-image":"","background-repeat":"repeat","background-position":"center center","background-size":"auto","background-attachment":"scroll","background-type":"","background-media":"","overlay-type":"","overlay-color":"","overlay-opacity":"","overlay-gradient":""},"tablet":{"background-color":"","background-image":"","background-repeat":"repeat","background-position":"center center","background-size":"auto","background-attachment":"scroll","background-type":"","background-media":"","overlay-type":"","overlay-color":"","overlay-opacity":"","overlay-gradient":""},"mobile":{"background-color":"","background-image":"","background-repeat":"repeat","background-position":"center center","background-size":"auto","background-attachment":"scroll","background-type":"","background-media":"","overlay-type":"","overlay-color":"","overlay-opacity":"","overlay-gradient":""}},"ast-content-background-meta":{"desktop":{"background-color":"var(--ast-global-color-5)","background-image":"","background-repeat":"repeat","background-position":"center center","background-size":"auto","background-attachment":"scroll","background-type":"","background-media":"","overlay-type":"","overlay-color":"","overlay-opacity":"","overlay-gradient":""},"tablet":{"background-color":"var(--ast-global-color-5)","background-image":"","background-repeat":"repeat","background-position":"center center","background-size":"auto","background-attachment":"scroll","background-type":"","background-media":"","overlay-type":"","overlay-color":"","overlay-opacity":"","overlay-gradient":""},"mobile":{"background-color":"var(--ast-global-color-5)","background-image":"","background-repeat":"repeat","background-position":"center center","background-size":"auto","background-attachment":"scroll","background-type":"","background-media":"","overlay-type":"","overlay-color":"","overlay-opacity":"","overlay-gradient":""}},"_themeisle_gutenberg_block_has_review":false,"footnotes":""},"class_list":["post-1368","page","type-page","status-publish","hentry"],"uagb_featured_image_src":{"full":false,"thumbnail":false,"medium":false,"medium_large":false,"large":false,"1536x1536":false,"2048x2048":false,"trp-custom-language-flag":false,"woocommerce_thumbnail":false,"woocommerce_single":false,"woocommerce_gallery_thumbnail":false},"uagb_author_info":{"display_name":"LFG Education","author_link":"https:\/\/lfgeducation.com\/es\/author\/laura-gegiu\/"},"uagb_comment_info":0,"uagb_excerpt":"Meet the Founder Hi, I\u2019m Laura, a multilingual higher education consultant with over 7 years of experience supporting international students in the UK. My work bridges immigration advising, visa compliance, and global education funding &#8211; with in-depth expertise in UKVI regulations, education policies and procedures, and U.S. Federal Aid systems. I\u2019ve worked at leading institutions&hellip;","_links":{"self":[{"href":"https:\/\/lfgeducation.com\/es\/wp-json\/wp\/v2\/pages\/1368","targetHints":{"allow":["GET"]}}],"collection":[{"href":"https:\/\/lfgeducation.com\/es\/wp-json\/wp\/v2\/pages"}],"about":[{"href":"https:\/\/lfgeducation.com\/es\/wp-json\/wp\/v2\/types\/page"}],"author":[{"embeddable":true,"href":"https:\/\/lfgeducation.com\/es\/wp-json\/wp\/v2\/users\/1"}],"replies":[{"embeddable":true,"href":"https:\/\/lfgeducation.com\/es\/wp-json\/wp\/v2\/comments?post=1368"}],"version-history":[{"count":15,"href":"https:\/\/lfgeducation.com\/es\/wp-json\/wp\/v2\/pages\/1368\/revisions"}],"predecessor-version":[{"id":2268,"href":"https:\/\/lfgeducation.com\/es\/wp-json\/wp\/v2\/pages\/1368\/revisions\/2268"}],"wp:attachment":[{"href":"https:\/\/lfgeducation.com\/es\/wp-json\/wp\/v2\/media?parent=1368"}],"curies":[{"name":"wp","href":"https:\/\/api.w.org\/{rel}","templated":true}]}}