{"id":3,"date":"2025-06-02T13:59:38","date_gmt":"2025-06-02T13:59:38","guid":{"rendered":"http:\/\/lfgeducation.com\/?page_id=3"},"modified":"2025-06-30T08:35:52","modified_gmt":"2025-06-30T08:35:52","slug":"privacy-policy","status":"publish","type":"page","link":"https:\/\/lfgeducation.com\/es\/privacy-policy\/","title":{"rendered":"Pol\u00edtica de Privacidad del Sitio Web"},"content":{"rendered":"<p class=\"translation-block\">Esta Pol\u00edtica de Privacidad del Sitio Web explica c\u00f3mo LFG Education Consulting (\u201cnosotros\u201d, \u201cnos\u201d, o \u201cnuestro\u201d) recopila, utiliza y protege tus datos personales cuando visitas o interact\u00faas con nuestro sitio web: https:\/\/lfgeducation.com.<\/p>\n\n\n\n<p>Esta pol\u00edtica se aplica \u00fanicamente a los visitantes del sitio web. Para informaci\u00f3n sobre c\u00f3mo tratamos datos personales relacionados con nuestros servicios de consultor\u00eda, consulta nuestra [Pol\u00edtica de Protecci\u00f3n de Datos \u2013 RGPD].<\/p>\n\n\n\n<hr class=\"wp-block-separator has-alpha-channel-opacity\"\/>\n\n\n\n<p>1. \u00bfQui\u00e9nes somos?&nbsp;<\/p>\n\n\n\n<p>LFG Education Consulting es una consultor\u00eda educativa privada que asesora a estudiantes que desean postularse a universidades en el Reino Unido, la UE y otras regiones.\n\nDirecci\u00f3n del sitio web: https:\/\/lfgeducation.com<\/p>\n\n\n\n<p>General enquiries: <a href=\"mailto:laura@lfgeducation.com\">info@lfgeducation.com<\/a><\/p>\n\n\n\n<p>Privacy related enquiries: <a href=\"mailto:compliance@lfgeducation.com\">compliance@lfgeducation.com<\/a><\/p>\n\n\n\n<hr class=\"wp-block-separator has-alpha-channel-opacity\"\/>\n\n\n\n<p>2. Comentarios&nbsp;<\/p>\n\n\n\n<p>Cuando los visitantes dejan comentarios en el sitio, recopilamos los datos que aparecen en el formulario de comentarios, junto con la direcci\u00f3n IP del visitante y la cadena de agente de usuario del navegador para ayudar en la detecci\u00f3n de spam.<\/p>\n\n\n\n<p class=\"translation-block\">Si utilizas Gravatar, se puede enviar un hash anonimizado de tu direcci\u00f3n de correo electr\u00f3nico al servicio Gravatar. Puedes consultar su pol\u00edtica de privacidad aqu\u00ed: https:\/\/automattic.com\/privacy\/<\/p>\n\n\n\n<hr class=\"wp-block-separator has-alpha-channel-opacity\"\/>\n\n\n\n<p>3. Carga de Medios&nbsp;<\/p>\n\n\n\n<p>Se recomienda no subir im\u00e1genes que contengan datos de ubicaci\u00f3n incorporados (EXIF GPS), ya que otros usuarios podr\u00edan extraer dicha informaci\u00f3n.<\/p>\n\n\n\n<hr class=\"wp-block-separator has-alpha-channel-opacity\"\/>\n\n\n\n<p>4. Cookies y Tecnolog\u00edas de Seguimiento&nbsp;<\/p>\n\n\n\n<p>Utilizamos cookies y tecnolog\u00edas similares para mejorar la experiencia del usuario y supervisar el rendimiento del sitio web.<\/p>\n\n\n\n<p>Tipos de cookies utilizadas:<\/p>\n\n\n\n<p>Cookies esenciales: necesarias para el funcionamiento b\u00e1sico del sitio (por ejemplo, inicio de sesi\u00f3n o env\u00edo de formularios).<\/p>\n\n\n\n<p>Cookies de rendimiento (Google Analytics): se usan para analizar el tr\u00e1fico y el uso del sitio web.\n\nGoogle puede recopilar tu direcci\u00f3n IP y datos del dispositivo.\n\nGoogle Analytics anonimiza tu IP antes de almacenarla.&nbsp;<\/p>\n\n\n\n<p>&nbsp; Google may collect your IP address and device data. Google Analytics anonymizes your IP before storage.&nbsp;<\/p>\n\n\n\n<p class=\"translation-block\">Puedes inhabilitarlo en: https:\/\/tools.google.com\/dlpage\/gaoptout<\/p>\n\n\n\n<p>Cookies de preferencias: almacenan configuraciones del usuario para mejorar la usabilidad.<\/p>\n\n\n\n<p>Cookies de terceros: pueden ser establecidas por servicios integrados como YouTube o redes sociales.<\/p>\n\n\n\n<p>Puedes gestionar o bloquear las cookies en cualquier momento desde la configuraci\u00f3n de tu navegador.<\/p>\n\n\n\n<hr class=\"wp-block-separator has-alpha-channel-opacity\"\/>\n\n\n\n<p>5. Contenido Integrado de Otros Sitios&nbsp;<\/p>\n\n\n\n<p>Los art\u00edculos pueden incluir contenido integrado (como v\u00eddeos, publicaciones de redes sociales o art\u00edculos). Este contenido se comporta como si hubieras visitado el sitio externo directamente, lo que puede implicar la recopilaci\u00f3n de datos, uso de cookies y seguimiento de tu interacci\u00f3n.<\/p>\n\n\n\n<hr class=\"wp-block-separator has-alpha-channel-opacity\"\/>\n\n\n\n<p> 6. Con qui\u00e9n compartimos tus datos&nbsp;<\/p>\n\n\n\n<p>No vendemos tus datos personales. Si solicitas un restablecimiento de contrase\u00f1a, tu direcci\u00f3n IP ser\u00e1 incluida en el correo electr\u00f3nico de restablecimiento.\nLos comentarios pueden ser revisados mediante servicios autom\u00e1ticos de detecci\u00f3n de spam.<\/p>\n\n\n\n<hr class=\"wp-block-separator has-alpha-channel-opacity\"\/>\n\n\n\n<p>7. Conservaci\u00f3n de Datos&nbsp;<\/p>\n\n\n\n<p>Comentarios: se conservan indefinidamente para facilitar la aprobaci\u00f3n autom\u00e1tica de futuros comentarios.&nbsp;<\/p>\n\n\n\n<p>Perfiles de usuario (si aplica): los datos personales se almacenan hasta que sean editados o eliminados por ti o por un administrador.<\/p>\n\n\n\n<hr class=\"wp-block-separator has-alpha-channel-opacity\"\/>\n\n\n\n<p>8. Tus Derechos&nbsp;<\/p>\n\n\n\n<p>Tienes derecho a:<\/p>\n\n\n\n<div class=\"wp-block-group is-layout-constrained wp-block-group-is-layout-constrained\">\n<p>Acceder a tus datos personales;<\/p>\n\n\n\n<p>Solicitar su rectificaci\u00f3n o eliminaci\u00f3n;<\/p>\n\n\n\n<p>Retirar tu consentimiento en cualquier momento;<\/p>\n\n\n\n<p>Oponerte o limitar el tratamiento de tus datos.<\/p>\n<\/div>\n\n\n\n<p>Para ejercer tus derechos, escribe a: laura@lfgeducation.com<\/p>\n\n\n\n<p>Nos comprometemos a responder en un plazo de 30 d\u00edas naturales.<\/p>\n\n\n\n<hr class=\"wp-block-separator has-alpha-channel-opacity\"\/>\n\n\n\n<p>9. Transferencias Internacionales&nbsp;<\/p>\n\n\n\n<p>Google Analytics y otros servicios de terceros pueden almacenar datos fuera del Espacio Econ\u00f3mico Europeo (EEE). Estos servicios cumplen con la normativa de protecci\u00f3n de datos de la UE (por ejemplo, mediante Cl\u00e1usulas Contractuales Tipo o mecanismos alternativos al Privacy Shield).<\/p>\n\n\n\n<hr class=\"wp-block-separator has-alpha-channel-opacity\"\/>\n\n\n\n<p>10. D\u00f3nde se env\u00edan tus datos&nbsp;<\/p>\n\n\n\n<p>Los comentarios y formularios pueden ser analizados por servicios automatizados de seguridad o antispam.<\/p>\n\n\n\n<hr class=\"wp-block-separator has-alpha-channel-opacity\"\/>\n\n\n\n<p> 11. Contacto&nbsp;<\/p>\n\n\n\n<p>Para consultas relacionadas con la privacidad, puedes contactarnos en:<\/p>\n\n\n\n<p>LFG Education Consulting&nbsp;<\/p>\n\n\n\n<p>\ud83d\udce7<a href=\"mailto:compliance@lfgeducation.com\"> compliance@lfgeducation.com&nbsp;<\/a><\/p>\n\n\n\n<p>\ud83d\udccd Barcelona, Espa\u00f1a<\/p>\n\n\n\n<p><\/p>","protected":false},"excerpt":{"rendered":"<p>This Website Privacy Policy explains how LFG Education Consulting (&#8220;we&#8221;, &#8220;us&#8221;, or &#8220;our&#8221;) collects, uses, and protects your personal data when you visit or interact with our website: https:\/\/lfgeducation.com. This policy applies to website visitors only. For information about how we process personal data in connection with our consulting services, please refer to our [GDPR [&hellip;]<\/p>","protected":false},"author":1,"featured_media":0,"parent":0,"menu_order":0,"comment_status":"closed","ping_status":"open","template":"","meta":{"_uag_custom_page_level_css":"","site-sidebar-layout":"default","site-content-layout":"","ast-site-content-layout":"default","site-content-style":"default","site-sidebar-style":"default","ast-global-header-display":"","ast-banner-title-visibility":"","ast-main-header-display":"","ast-hfb-above-header-display":"","ast-hfb-below-header-display":"","ast-hfb-mobile-header-display":"","site-post-title":"","ast-breadcrumbs-content":"","ast-featured-img":"","footer-sml-layout":"","ast-disable-related-posts":"","theme-transparent-header-meta":"","adv-header-id-meta":"","stick-header-meta":"","header-above-stick-meta":"","header-main-stick-meta":"","header-below-stick-meta":"","astra-migrate-meta-layouts":"set","ast-page-background-enabled":"default","ast-page-background-meta":{"desktop":{"background-color":"","background-image":"","background-repeat":"repeat","background-position":"center center","background-size":"auto","background-attachment":"scroll","background-type":"","background-media":"","overlay-type":"","overlay-color":"","overlay-opacity":"","overlay-gradient":""},"tablet":{"background-color":"","background-image":"","background-repeat":"repeat","background-position":"center center","background-size":"auto","background-attachment":"scroll","background-type":"","background-media":"","overlay-type":"","overlay-color":"","overlay-opacity":"","overlay-gradient":""},"mobile":{"background-color":"","background-image":"","background-repeat":"repeat","background-position":"center center","background-size":"auto","background-attachment":"scroll","background-type":"","background-media":"","overlay-type":"","overlay-color":"","overlay-opacity":"","overlay-gradient":""}},"ast-content-background-meta":{"desktop":{"background-color":"var(--ast-global-color-5)","background-image":"","background-repeat":"repeat","background-position":"center center","background-size":"auto","background-attachment":"scroll","background-type":"","background-media":"","overlay-type":"","overlay-color":"","overlay-opacity":"","overlay-gradient":""},"tablet":{"background-color":"var(--ast-global-color-5)","background-image":"","background-repeat":"repeat","background-position":"center center","background-size":"auto","background-attachment":"scroll","background-type":"","background-media":"","overlay-type":"","overlay-color":"","overlay-opacity":"","overlay-gradient":""},"mobile":{"background-color":"var(--ast-global-color-5)","background-image":"","background-repeat":"repeat","background-position":"center center","background-size":"auto","background-attachment":"scroll","background-type":"","background-media":"","overlay-type":"","overlay-color":"","overlay-opacity":"","overlay-gradient":""}},"_themeisle_gutenberg_block_has_review":false,"footnotes":""},"class_list":["post-3","page","type-page","status-publish","hentry"],"uagb_featured_image_src":{"full":false,"thumbnail":false,"medium":false,"medium_large":false,"large":false,"1536x1536":false,"2048x2048":false,"trp-custom-language-flag":false,"woocommerce_thumbnail":false,"woocommerce_single":false,"woocommerce_gallery_thumbnail":false},"uagb_author_info":{"display_name":"LFG Education","author_link":"https:\/\/lfgeducation.com\/es\/author\/laura-gegiu\/"},"uagb_comment_info":0,"uagb_excerpt":"This Website Privacy Policy explains how LFG Education Consulting (&#8220;we&#8221;, &#8220;us&#8221;, or &#8220;our&#8221;) collects, uses, and protects your personal data when you visit or interact with our website: https:\/\/lfgeducation.com. This policy applies to website visitors only. For information about how we process personal data in connection with our consulting services, please refer to our [GDPR&hellip;","_links":{"self":[{"href":"https:\/\/lfgeducation.com\/es\/wp-json\/wp\/v2\/pages\/3","targetHints":{"allow":["GET"]}}],"collection":[{"href":"https:\/\/lfgeducation.com\/es\/wp-json\/wp\/v2\/pages"}],"about":[{"href":"https:\/\/lfgeducation.com\/es\/wp-json\/wp\/v2\/types\/page"}],"author":[{"embeddable":true,"href":"https:\/\/lfgeducation.com\/es\/wp-json\/wp\/v2\/users\/1"}],"replies":[{"embeddable":true,"href":"https:\/\/lfgeducation.com\/es\/wp-json\/wp\/v2\/comments?post=3"}],"version-history":[{"count":3,"href":"https:\/\/lfgeducation.com\/es\/wp-json\/wp\/v2\/pages\/3\/revisions"}],"predecessor-version":[{"id":2163,"href":"https:\/\/lfgeducation.com\/es\/wp-json\/wp\/v2\/pages\/3\/revisions\/2163"}],"wp:attachment":[{"href":"https:\/\/lfgeducation.com\/es\/wp-json\/wp\/v2\/media?parent=3"}],"curies":[{"name":"wp","href":"https:\/\/api.w.org\/{rel}","templated":true}]}}